{"id":1261,"date":"2022-03-26T05:16:21","date_gmt":"2022-03-25T21:16:21","guid":{"rendered":"https:\/\/vitalimshop.com\/tienda\/?page_id=1261"},"modified":"2022-06-14T16:37:05","modified_gmt":"2022-06-14T23:37:05","slug":"aviso-de-privacidad","status":"publish","type":"page","link":"https:\/\/vitalimshop.com\/tienda\/aviso-de-privacidad\/","title":{"rendered":"Aviso de Privacidad"},"content":{"rendered":"\t\t<div data-elementor-type=\"wp-page\" data-elementor-id=\"1261\" class=\"elementor elementor-1261\" data-elementor-post-type=\"page\">\n\t\t\t\t\t\t<section class=\"elementor-section elementor-top-section elementor-element elementor-element-4cd04d8b elementor-section-boxed elementor-section-height-default elementor-section-height-default\" data-id=\"4cd04d8b\" data-element_type=\"section\">\n\t\t\t\t\t\t<div class=\"elementor-container elementor-column-gap-default\">\n\t\t\t\t\t<div class=\"elementor-column elementor-col-100 elementor-top-column elementor-element elementor-element-a4f9129\" data-id=\"a4f9129\" data-element_type=\"column\">\n\t\t\t<div class=\"elementor-widget-wrap elementor-element-populated\">\n\t\t\t\t\t\t<div class=\"elementor-element elementor-element-18999a7 elementor-widget elementor-widget-heading\" data-id=\"18999a7\" data-element_type=\"widget\" data-widget_type=\"heading.default\">\n\t\t\t\t<div class=\"elementor-widget-container\">\n\t\t\t\t\t<h2 class=\"elementor-heading-title elementor-size-default\">Aviso de Privacidad<\/h2>\t\t\t\t<\/div>\n\t\t\t\t<\/div>\n\t\t\t\t<div class=\"elementor-element elementor-element-2428b1a elementor-widget elementor-widget-text-editor\" data-id=\"2428b1a\" data-element_type=\"widget\" data-widget_type=\"text-editor.default\">\n\t\t\t\t<div class=\"elementor-widget-container\">\n\t\t\t\t\t\t\t\t\t<p style=\"text-align: justify;\"><strong>I. Identificaci\u00f3n del responsable y tratamiento de sus datos personales.<\/strong><\/p>\n<!-- \/wp:paragraph --><!-- wp:paragraph -->\n<p style=\"text-align: justify;\"><strong>VICAZA, S DE R.L. DE C.V.,<\/strong> comercialmente denominada <strong>\u201cVITALIM\u201d<\/strong> (en lo sucesivo el \u201cResponsable\u201d) con domicilio en Av. de las Palmas 4800 Col. Las Palmas, 22106, Tijuana, B.C., M\u00e9xico (la \u201cDirecci\u00f3n de Contacto\u201d), es responsable de recabar sus datos personales, del uso que se d\u00e9 a los mismos y de su protecci\u00f3n. Sus datos personales se tratar\u00e1n en los t\u00e9rminos del presente Aviso De Privacidad.<br \/><br \/>Por el presente medio, Usted manifiesta y consciente para todos los efectos legales, el tratamiento y recopilaci\u00f3n de sus datos personales, una vez que Usted nos haya proporcionado dicha informaci\u00f3n. Por lo tanto, ser\u00e1n tratados por El Responsable bajo los principios de licitud, consentimiento, informaci\u00f3n, calidad, finalidad, lealtad, proporcionalidad y responsabilidad de conformidad con lo dispuesto por el art\u00edculo 6 de la Ley Federal de Protecci\u00f3n a los Datos Personales en Posesi\u00f3n de los Particulares.<\/p>\n<!-- \/wp:paragraph --><!-- wp:paragraph -->\n<p style=\"text-align: justify;\"><strong>II. Finalidades.<\/strong><\/p>\n<!-- \/wp:paragraph --><!-- wp:paragraph -->\n<p style=\"text-align: justify;\">Los datos personales que recabemos de usted, ya sea a trav\u00e9s de nuestra p\u00e1gina de Internet, verbalmente, por escrito o cualquier otro medio electr\u00f3nico, tendr\u00e1n como finalidad, <strong>a)<\/strong> Para cumplimiento de la relaci\u00f3n jur\u00eddica o de negocios que realice con nosotros: <strong>(i)<\/strong> La identificaci\u00f3n de usted como usuario y cliente; <strong>(ii)<\/strong> La venta y adquisici\u00f3n de los productos ofertados; <strong>(iii)<\/strong> Hacerle llegar los productos adquiridos; <strong>(iv)<\/strong> Para emitir las facturas electr\u00f3nicas por las compras realizadas y entregarle dichas facturas; <strong>(v)<\/strong> Corroborar la identidad del cliente para proceder con el cargo de la Tarjeta de Cr\u00e9dito y\/o de D\u00e9bito; <strong>(vi)<\/strong> Para procesar las devoluciones en su caso solicitada por el cliente y para la elaboraci\u00f3n de la carta de aclaraci\u00f3n para el banco en caso de que el pago se haya hecho por medio de una Tarjeta de Cr\u00e9dito y\/o de D\u00e9bito para que se haga la devoluci\u00f3n del importe en su caso de la compra. Asimismo, <strong>b)<\/strong> Para fines de mercadotecnia, publicidad y prospecci\u00f3n comercial: <strong>(i)<\/strong> Informarle sobre lanzamiento de nuevos productos; <strong>(ii)<\/strong> Hacerle recomendaciones sobre dichos productos y futuras compras; <strong>(iii)<\/strong> Control de calidad de nuestros productos; <strong>(iv)<\/strong> Informarle sobre ofertas y promociones; <strong>(v)<\/strong> Enviarle nuestro cat\u00e1logo de promociones productos y servicios; y <strong>(vi)<\/strong> Comentarios, sugerencias y\/o de evaluar la calidad del servicio que le brindamos. Para los efectos de la relaci\u00f3n jur\u00eddica o de negocios que realice con nosotros requerimos obtener los datos personales siguientes: <strong>(i)<\/strong> Nombre completo; <strong>(ii)<\/strong> Domicilio; <strong>(iii)<\/strong> Correo electr\u00f3nico; <strong>(iv)<\/strong> Registro Federal de Contribuyentes RFC; <strong>(v)<\/strong> N\u00famero de tel\u00e9fono; <strong>(vi)<\/strong> Firma; <strong>(vii)<\/strong> N\u00famero de Identificaci\u00f3n Oficial; <strong>(viii)<\/strong> Fecha de nacimiento; y <strong>(ix)<\/strong> Sexo. As\u00ed como los siguientes datos patrimoniales o financieros: <strong>(i)<\/strong> Datos Crediticios; <strong>(ii)<\/strong> N\u00famero de tarjeta bancaria; <strong>(iii)<\/strong> Tipo de cuenta; y <strong>(iv)<\/strong> Banco. Para los efectos de mercadotecnia, publicidad y prospecci\u00f3n comercial se solicitar\u00e1n los siguientes datos personales: <strong>(i)<\/strong> Nombre; <strong>(ii)<\/strong> Edad; <strong>(iii)<\/strong> Domicilio; <strong>(iv)<\/strong> Correo electr\u00f3nico; <strong>(v)<\/strong> N\u00famero telef\u00f3nico; <strong>(vi)<\/strong> N\u00famero de celular; <strong>(vii)<\/strong> Sexo; <strong>(viii)<\/strong> Fecha de nacimiento; <strong>(ix)<\/strong> Estado. El Responsable no recabar\u00e1 datos sensibles de sus clientes.<br \/><br \/><strong>III. Opciones para limitar el uso o divulgaci\u00f3n de sus datos personales.<\/strong><\/p>\n<p style=\"text-align: justify;\">El Responsable tiene designado a un \u00e1rea encargada de datos personales para dar atenci\u00f3n y tr\u00e1mite a las solicitudes de los Titulares para el ejercicio de los derechos <strong>ARCO<\/strong>, as\u00ed como para la limitaci\u00f3n al uso o divulgaci\u00f3n de los datos personales. Usted, como Titular de sus datos personales, puede limitar el uso y divulgaci\u00f3n de su informaci\u00f3n personal para manifestar su negativa a seguir recibiendo comunicados o promociones por parte del Responsable a trav\u00e9s de los siguientes medios: enviando correo electr\u00f3nico a la siguiente direcci\u00f3n electr\u00f3nica: <a href=\"mailto:support@vitalimshop.com\">soporte@vitalimshop.com<\/a> o\u00a0 por medio de nuestra p\u00e1gina de Internet <a href=\"http:\/\/www.vitalimshop.com\" target=\"_blank\" rel=\"noopener\">www.vitalimshop.com<\/a>.<br \/><br \/>Adem\u00e1s, usted podr\u00e1 inscribirse en el Registro P\u00fablico para Evitar Publicidad <strong>(REPEP)<\/strong>, mecanismo orientado a facilitar a los consumidores el ejercicio de sus derechos a no ser molestados con publicidad no deseada y a que su informaci\u00f3n no sea tratada con fines distintos a los expresamente autorizados por su Titular. Dicho mecanismo lo puede ejercer a trav\u00e9s de la p\u00e1gina de la Procuradur\u00eda Federal del Consumidor <strong>(PROFECO)<\/strong> en la siguiente direcci\u00f3n: <a href=\"https:\/\/repep.profeco.gob.mx\/\" target=\"_blank\" rel=\"noopener\">repep.profeco.gob.mx<\/a><\/p>\n<p style=\"text-align: justify;\"><strong>IV. Medios para revocar el consentimiento para el tratamiento de datos personales.<\/strong><\/p>\n<p style=\"text-align: justify;\">Usted podr\u00e1 revocar su consentimiento para el tratamiento de sus datos personales mediante una solicitud por correo electr\u00f3nico, dirigida a Atenci\u00f3n a Clientes de <strong>VITALIMSHOP<\/strong>, y remitirla al correo electr\u00f3nico <a href=\"mailto:soporte@vitalimshop.com\">soporte@vitalimshop.com<\/a>. Si con posterioridad a la revocaci\u00f3n usted solicita la confirmaci\u00f3n de la misma, el Responsable le responder\u00e1 de forma expresa.<\/p>\n<p style=\"text-align: justify;\">La solicitud deber\u00e1 ir acompa\u00f1ada de una identificaci\u00f3n oficial vigente como INE y\/o pasaporte o en su caso, los documentos que acrediten su representaci\u00f3n legal. El Responsable, dentro de un t\u00e9rmino de 20 (veinte) d\u00edas h\u00e1biles contados a partir de la fecha de recepci\u00f3n de la solicitud, resolver\u00e1 sobre la procedencia de tal solicitud, haci\u00e9ndola efectiva dentro de los 15 (quince) d\u00edas h\u00e1biles siguientes a la fecha en que se comunica la respuesta. Los plazos aqu\u00ed otorgados podr\u00e1n ser ampliados hasta por un per\u00edodo adicional igual, siempre que lo justifiquen las circunstancias del caso. En todo caso la revocaci\u00f3n del consentimiento para el tratamiento de sus datos personales tendr\u00e1 como consecuencia la terminaci\u00f3n de la relaci\u00f3n jur\u00eddica entre el Responsable y Usted.<\/p>\n<p style=\"text-align: justify;\"><strong>V. Medios para ejercer los derechos ARCO<\/strong><\/p>\n<p style=\"text-align: justify;\">Usted podr\u00e1 ejercer su derecho de acceso, rectificaci\u00f3n, cancelaci\u00f3n y oposici\u00f3n, mediante una solicitud por correo electr\u00f3nico dirigida a Atenci\u00f3n a Clientes de <strong>VITALIMSHOP<\/strong>, al correo electr\u00f3nico <a href=\"mailto:soporte@vitalimshop.com\">soporte@vitalimshop.com<\/a>.<br \/><br \/><strong>En cualquier caso, deber\u00e1 estar acompa\u00f1ada de la siguiente informaci\u00f3n y documentaci\u00f3n:<\/strong><\/p>\n<ol style=\"list-style-type: upper-roman;\">\n<li style=\"text-align: justify;\">Los documentos que acrediten su identidad: Identificaci\u00f3n oficial vigente como INE, pasaporte, o en su caso, los documentos que acrediten su representaci\u00f3n legal.<\/li>\n<li style=\"text-align: justify;\">Una descripci\u00f3n clara y precisa de los datos personales respecto de los cuales busca ejercer alguno de los derechos de acceso, rectificaci\u00f3n, cancelaci\u00f3n y oposici\u00f3n.<\/li>\n<li style=\"text-align: justify;\">Cualquier documento o informaci\u00f3n que facilite la localizaci\u00f3n de sus datos personales.<\/li>\n<li style=\"text-align: justify;\">En caso de solicitar una rectificaci\u00f3n de datos, deber\u00e1 de indicar tambi\u00e9n, las modificaciones a realizarse y aportar la documentaci\u00f3n que sustente su petici\u00f3n.<\/li>\n<li style=\"text-align: justify;\">La indicaci\u00f3n del lugar donde se podr\u00e1 revisar los originales de la documentaci\u00f3n que acompa\u00f1e.<br \/><br \/><\/li>\n<\/ol>\n<p style=\"text-align: justify;\">El Responsable responder\u00e1 su petici\u00f3n en un plazo m\u00e1ximo de 20 (veinte) d\u00edas h\u00e1biles y le informaremos sobre la procedencia de la misma a trav\u00e9s de correo certificado, personalmente, correo electr\u00f3nico y\/o por tel\u00e9fono. A efecto de que, si resulta procedente, se haga efectiva la misma dentro de los 15 (quince) d\u00edas h\u00e1biles siguientes a la fecha en que se comunica la respuesta. El Responsable podr\u00e1 notificarle dentro de los plazos referidos en este p\u00e1rrafo la pr\u00f3rroga de los mismos por una sola vez, por un per\u00edodo igual, cuando las causas lo justifiquen.<br \/><br \/>El ejercicio de los derechos <strong>ARCO<\/strong> es gratuito, sin embargo, en caso de que usted reitere su solicitud en un per\u00edodo menor a los 12 (doce) meses, los costos ser\u00e1n de tres d\u00edas de Salario M\u00ednimo General Vigente m\u00e1s I.V.A., a menos que existan modificaciones sustanciales al Aviso De Privacidad que motiven nuevas solicitudes <strong>ARCO<\/strong>. Son a su cargo los costos de env\u00edo o el costo de reproducci\u00f3n de copias u otros formatos y, en su caso, el costo de certificaci\u00f3n de documentos.<\/p>\n<p style=\"text-align: justify;\"><strong>VI. Uso de cookies, mecanismos en medios remotos o locales de comunicaci\u00f3n electr\u00f3nica, \u00f3ptica u otra tecnolog\u00eda<\/strong><\/p>\n<p style=\"text-align: justify;\">En caso de utilizar nuestra p\u00e1gina de Internet, hacemos de su conocimiento que podemos utilizar <strong>&#8220;cookies&#8221;<\/strong> <em>(archivos de texto almacenados en su disco duro, al navegar en una p\u00e1gina de Internet, que permiten recordar al servidor de Internet algunos datos sobre este usuario, como sus p\u00e1ginas web preferentes y visitadas, fecha y hora de ingreso, direcci\u00f3n IP, as\u00ed como la duraci\u00f3n de la sesi\u00f3n)<\/em>, \u00e9sta informaci\u00f3n s\u00f3lo podr\u00e1 usarse para fines estad\u00edsticos y control de calidad del sitio, mismas que Usted podr\u00e1 deshabilitar directamente a trav\u00e9s de mecanismos de configuraci\u00f3n de su ordenador.<\/p>\n<p style=\"text-align: justify;\"><strong>VII. Transferencia de datos personales<\/strong><\/p>\n<p style=\"text-align: justify;\">Por este conducto, usted, consciente y permite que, de acuerdo al art\u00edculo 37 de la Ley Federal de Protecci\u00f3n a los Datos Personales en Posesi\u00f3n de Particulares, que el Responsable transfiera dicha informaci\u00f3n a sus subsidiarias y\/o afiliadas, o a cualquier sociedad del mismo grupo, nacionales o internacionales, que operen bajo los mismos procesos y pol\u00edticas internas, garantizando en todo momento, la confidencialidad de sus datos personales. Lo anterior para los fines establecidos en el presente <strong>Aviso De Privacidad.<\/strong><br \/><br \/>El Responsable tiene implementadas medidas de seguridad sistem\u00e1ticas para proteger sus datos personales de uso o divulgaci\u00f3n. En caso de conocimiento de datos personales de menores de edad o de personas que se encuentren en estado de interdicci\u00f3n o incapacidad su tratamiento se llevar\u00e1 conforme a la ley.<\/p>\n<p style=\"text-align: justify;\"><strong>VIII. Cambios o modificaciones al Aviso De Privacidad<\/strong><\/p>\n<p style=\"text-align: justify;\">El Responsable se reserva el derecho de modificar los t\u00e9rminos del presente aviso en cualquier momento, en caso de que opere alg\u00fan cambio, \u00e9ste se har\u00e1 de su conocimiento mediante publicaci\u00f3n en nuestra p\u00e1gina de Internet, por lo que recomendamos consultarla con frecuencia. En caso de vulneraci\u00f3n de seguridad del tratamiento de los datos personales que afecte de forma significativa sus derechos personales patrimoniales o financieros, el Oficial de Privacidad se pondr\u00e1 en contacto con usted por correo electr\u00f3nico para que pueda actuar en consecuencia. En caso de no contar con correo electr\u00f3nico, el Responsable notificar\u00e1 mediante publicaci\u00f3n en nuestra p\u00e1gina de Internet.<br \/><br \/><strong>\u00daltima fecha de actualizaci\u00f3n:<\/strong> 01 de Enero, 2022<\/p>\n<p style=\"text-align: justify;\"><strong>DERECHOS ARCO Y PROCEDIMIENTO<\/strong><\/p>\n<p style=\"text-align: justify;\">El Titular tiene el derecho de acceder a los datos personales que poseemos, a saber el detalle del tratamiento de los mismos, a rectificarlos o cancelarlos en el caso de ser inexactos, inadecuados, no pertinentes, excesivos o est\u00e9n incompletos, o cuando a su consideraci\u00f3n no son necesarios para alguna de las finalidades contenidas en el Aviso de Privacidad, o al percatarse de que son utilizados para fines distintos a los previamente consentidos. De esta manera el acceso, rectificaci\u00f3n, cancelaci\u00f3n y oposici\u00f3n que los Titulares pueden hacer respecto de sus datos personales en conjunto se les denomina derechos <strong>ARCO<\/strong>.<br \/><br \/>Los Derechos <strong>ARCO<\/strong> son contemplados por la Ley Federal de Protecci\u00f3n de Datos Personales en Posesi\u00f3n de los Particulares de la siguiente manera:<br \/><br \/><strong>Derecho de acceso:<\/strong> Los titulares tienen derecho a acceder a sus datos personales que obren en poder del Responsable.<br \/><br \/><strong>Derecho de rectificaci\u00f3n:<\/strong> El titular de los datos tendr\u00e1 derecho a rectificarlos cuando sean inexactos o incompletos. Cuando los datos personales hubiesen sido transmitidos con anterioridad a la fecha de rectificaci\u00f3n o cancelaci\u00f3n y sigan siendo tratados por terceros, el Responsable deber\u00e1 hacer de su conocimiento dicha solicitud de rectificaci\u00f3n o cancelaci\u00f3n, para que proceda a efectuarla tambi\u00e9n.<br \/><br \/><strong>Derecho de cancelaci\u00f3n:<\/strong> El titular tendr\u00e1 en todo momento el derecho a cancelar sus datos personales. La cancelaci\u00f3n de datos personales dar\u00e1 lugar a un periodo de bloqueo tras el cual se proceder\u00e1 a la supresi\u00f3n del dato. El Responsable podr\u00e1 conservarlos exclusivamente para efectos de las responsabilidades nacidas del tratamiento. El periodo de bloqueo ser\u00e1 equivalente al plazo de prescripci\u00f3n de las acciones derivadas de la relaci\u00f3n jur\u00eddica que funda el tratamiento en los t\u00e9rminos de la Ley aplicable en la materia. Una vez cancelado el dato se dar\u00e1 aviso a su titular. Cuando los datos personales hubiesen sido transmitidos con anterioridad a la fecha de rectificaci\u00f3n o cancelaci\u00f3n y sigan siendo tratados por terceros, el Responsable deber\u00e1 hacer de su conocimiento dicha solicitud de rectificaci\u00f3n o cancelaci\u00f3n, para que proceda a efectuarla tambi\u00e9n.<br \/><br \/><strong>Derecho de oposici\u00f3n:<\/strong> El titular tendr\u00e1 derecho en todo momento y por causa leg\u00edtima a oponerse al tratamiento de sus datos. De resultar procedente, el Responsable no podr\u00e1 tratar los datos relativos al titular.<br \/><br \/>Los Titulares, las personas f\u00edsicas a qui\u00e9n corresponden los datos, as\u00ed como los representantes legales de personas morales a quien correspondan los datos personales, podr\u00e1n ejercer sus <strong>derechos<\/strong> <strong>ARCO<\/strong> atendiendo el siguiente procedimiento:<\/p>\n<ol style=\"text-align: justify;\">\n<li>Descargar y llenar la Solicitud de <strong>Derechos ARCO<\/strong>. Para Descargar la solicitud da <a href=\"https:\/\/vitalimshop.com\/tienda\/formato-derechos-arco\/\" target=\"_blank\" rel=\"noopener\">clic aqu\u00ed<\/a>.<br \/><br \/><\/li>\n<li>Enviar la Solicitud de <strong>Derechos ARCO<\/strong> debidamente firmada al correo electr\u00f3nico: <a href=\"mailto:soporte@vitalimshop.com\">soporte@vitalimshop.com<\/a>.<br \/><br \/><\/li>\n<li>El titular deber\u00e1 llenar una <strong>solicitud ARCO<\/strong> por cada derecho que quiera ejercer.<br \/><br \/><\/li>\n<li>Acompa\u00f1ar a la Solicitud de <strong>Derechos<\/strong> <strong>ARCO<\/strong>:<br \/><br \/><strong>I.<\/strong> <strong>Los documentos que acrediten su identidad:<\/strong> Identificaci\u00f3n oficial vigente como INE, pasaporte, o en su caso, los documentos que acrediten su representaci\u00f3n legal. Para los efectos de este procedimiento, se entender\u00e1n como documentos de identificaci\u00f3n oficial todos los que las leyes vigentes les confieran dicha calidad. <strong>II.<\/strong> Cualquier documento o informaci\u00f3n que facilite la localizaci\u00f3n de sus datos personales. <strong>III.<\/strong> En caso de solicitar una rectificaci\u00f3n de datos, deber\u00e1 de indicar tambi\u00e9n, las modificaciones a realizarse y aportar la documentaci\u00f3n que sustente su petici\u00f3n. <strong>IV.<\/strong> La indicaci\u00f3n del lugar donde se podr\u00e1 revisar los originales de la documentaci\u00f3n que acompa\u00f1e. <strong>V.<\/strong> Para el caso de actuar en representaci\u00f3n de una persona moral, carta poder simple otorgada ante dos testigos en donde conste tal mandato o copia simple de la escritura p\u00fablica en la que conste el poder conferido.<br \/><br \/><\/li>\n<li>Dentro de los 5 (cinco) d\u00edas h\u00e1biles siguientes a que es recibida la Solicitud de Derechos <strong>ARCO<\/strong>, el Oficial de Datos Personales verificar\u00e1 si \u00e9sta cuenta con todos los requisitos descritos previamente, de no ser as\u00ed, contactar\u00e1 al Titular mediante correo electr\u00f3nico o a trav\u00e9s del medio de contacto que el Titular hubiere indicado en su Solicitud de Derechos <strong>ARCO<\/strong>, qui\u00e9n una vez notificado tendr\u00e1 10 (diez) d\u00edas h\u00e1biles para subsanar las deficiencias, en el entendido que en caso de no hacerlo llegar dentro de dicho plazo el Responsable tendr\u00e1 por desistida la Solicitud de Derechos <strong>ARCO<\/strong>.<\/li>\n<\/ol>\n<p><strong><br \/>NOTA:<\/strong><\/p>\n<p style=\"text-align: justify;\"><strong>1)<\/strong> No ser\u00e1 procedente la cancelaci\u00f3n o el Responsable podr\u00e1 tomar la decisi\u00f3n sobre cancelar o no los datos personales en los casos siguientes:<\/p>\n<ul style=\"text-align: justify;\">\n<li style=\"text-align: justify;\">Se refiera a las partes de un contrato y sean necesarios para su desarrollo y cumplimiento.<\/li>\n<li style=\"text-align: justify;\">Deban ser tratados por disposici\u00f3n legal.<\/li>\n<li style=\"text-align: justify;\">Obstaculice actuaciones judiciales o administrativas.<\/li>\n<li style=\"text-align: justify;\">Sean necesarios para proteger los intereses jur\u00eddicamente tutelados del Titular.<\/li>\n<li style=\"text-align: justify;\">Sean necesarios para cumplir con una obligaci\u00f3n legalmente adquirida.<\/li>\n<li style=\"text-align: justify;\">Sean objeto de tratamiento para la prevenci\u00f3n o para el diagn\u00f3stico m\u00e9dico o la gesti\u00f3n de servicios de salud <em>(siempre que dicho tratamiento se realice por un profesional de la salud)<\/em>.<br \/><br \/><\/li>\n<\/ul>\n<p style=\"text-align: justify;\"><strong>2)<\/strong> En caso de que la respuesta otorgada al Titular no lo satisfaga totalmente, \u00e9ste podr\u00e1 interponer el procedimiento de protecci\u00f3n de datos personales ante el Instituto Nacional de Trasparencia, Acceso a la Informaci\u00f3n y Protecci\u00f3n de Datos Personales <strong>(INAI)<\/strong>, de acuerdo a lo descrito en los procedimientos de privacidad de datos.<\/p>\t\t\t\t\t\t\t\t<\/div>\n\t\t\t\t<\/div>\n\t\t\t\t\t<\/div>\n\t\t<\/div>\n\t\t\t\t\t<\/div>\n\t\t<\/section>\n\t\t\t\t<\/div>\n\t\t","protected":false},"excerpt":{"rendered":"<p>I. Identificaci\u00f3n del responsable y tratamiento de sus datos personales. VICAZA, S DE R.L. DE C.V., comercialmente denominada \u201cVITALIM\u201d (en lo sucesivo el \u201cResponsable\u201d) con domicilio en Av. de las Palmas 4800 Col. Las Palmas, 22106, Tijuana, B.C., M\u00e9xico (la \u201cDirecci\u00f3n de Contacto\u201d), es responsable de recabar sus datos personales, del uso que se d\u00e9 [&hellip;]<\/p>\n","protected":false},"author":1,"featured_media":0,"parent":0,"menu_order":0,"comment_status":"closed","ping_status":"closed","template":"","meta":{"footnotes":""},"class_list":["post-1261","page","type-page","status-publish","hentry"],"_links":{"self":[{"href":"https:\/\/vitalimshop.com\/tienda\/wp-json\/wp\/v2\/pages\/1261","targetHints":{"allow":["GET"]}}],"collection":[{"href":"https:\/\/vitalimshop.com\/tienda\/wp-json\/wp\/v2\/pages"}],"about":[{"href":"https:\/\/vitalimshop.com\/tienda\/wp-json\/wp\/v2\/types\/page"}],"author":[{"embeddable":true,"href":"https:\/\/vitalimshop.com\/tienda\/wp-json\/wp\/v2\/users\/1"}],"replies":[{"embeddable":true,"href":"https:\/\/vitalimshop.com\/tienda\/wp-json\/wp\/v2\/comments?post=1261"}],"version-history":[{"count":31,"href":"https:\/\/vitalimshop.com\/tienda\/wp-json\/wp\/v2\/pages\/1261\/revisions"}],"predecessor-version":[{"id":1986,"href":"https:\/\/vitalimshop.com\/tienda\/wp-json\/wp\/v2\/pages\/1261\/revisions\/1986"}],"wp:attachment":[{"href":"https:\/\/vitalimshop.com\/tienda\/wp-json\/wp\/v2\/media?parent=1261"}],"curies":[{"name":"wp","href":"https:\/\/api.w.org\/{rel}","templated":true}]}}