{"id":1263,"date":"2022-03-26T05:17:11","date_gmt":"2022-03-25T21:17:11","guid":{"rendered":"https:\/\/vitalimshop.com\/tienda\/?page_id=1263"},"modified":"2022-08-26T16:13:43","modified_gmt":"2022-08-26T23:13:43","slug":"politicas-de-envio","status":"publish","type":"page","link":"https:\/\/vitalimshop.com\/tienda\/politicas-de-envio\/","title":{"rendered":"Pol\u00edticas de\u00a0env\u00edo."},"content":{"rendered":"\t\t<div data-elementor-type=\"wp-page\" data-elementor-id=\"1263\" class=\"elementor elementor-1263\" data-elementor-post-type=\"page\">\n\t\t\t\t\t\t<section class=\"elementor-section elementor-top-section elementor-element elementor-element-37420f53 elementor-section-boxed elementor-section-height-default elementor-section-height-default\" data-id=\"37420f53\" data-element_type=\"section\">\n\t\t\t\t\t\t<div class=\"elementor-container elementor-column-gap-default\">\n\t\t\t\t\t<div class=\"elementor-column elementor-col-100 elementor-top-column elementor-element elementor-element-3c34befa\" data-id=\"3c34befa\" data-element_type=\"column\">\n\t\t\t<div class=\"elementor-widget-wrap elementor-element-populated\">\n\t\t\t\t\t\t<div class=\"elementor-element elementor-element-0604113 elementor-widget elementor-widget-heading\" data-id=\"0604113\" data-element_type=\"widget\" data-widget_type=\"heading.default\">\n\t\t\t\t<div class=\"elementor-widget-container\">\n\t\t\t\t\t<h2 class=\"elementor-heading-title elementor-size-default\">Pol\u00edtica de Env\u00edo<\/h2>\t\t\t\t<\/div>\n\t\t\t\t<\/div>\n\t\t\t\t<div class=\"elementor-element elementor-element-29efeba5 elementor-widget elementor-widget-text-editor\" data-id=\"29efeba5\" data-element_type=\"widget\" data-widget_type=\"text-editor.default\">\n\t\t\t\t<div class=\"elementor-widget-container\">\n\t\t\t\t\t\t\t\t\t<p>Si realizas su pedido antes de las 12 pm ser\u00e1 procesado y enviado ese mismo d\u00eda, en caso de realizarlo despu\u00e9s, su pedido ser\u00e1 procesado hasta el pr\u00f3ximo d\u00eda. Una vez que reciba el correo de confirmaci\u00f3n con su n\u00famero de gu\u00eda, es responsabilidad del consumidor realizar el rastreo del pedido, y estar en contacto con la paqueter\u00eda correspondiente.<\/p>\n<p>Una vez realizado su pedido, el tiempo de entrega depender\u00e1 de la ciudad de entrega y las condiciones de la compa\u00f1\u00eda de env\u00edos que haya seleccionado al momento de realizar su compra. Los tiempos de entrega pueden prolongarse de acuerdo a la accesibilidad de la zona (rural\/metropolitana).<\/p>\n<p>Tu pedido realizado en S\u00e1bado o Domingo ser\u00e1 procesado en d\u00edas h\u00e1biles.<\/p>\t\t\t\t\t\t\t\t<\/div>\n\t\t\t\t<\/div>\n\t\t\t\t\t<\/div>\n\t\t<\/div>\n\t\t\t\t\t<\/div>\n\t\t<\/section>\n\t\t\t\t<\/div>\n\t\t","protected":false},"excerpt":{"rendered":"<p>Pol\u00edtica de Env\u00edo Si realizas su pedido antes de las 12 pm ser\u00e1 procesado y enviado ese mismo d\u00eda, en caso de realizarlo despu\u00e9s, su pedido ser\u00e1 procesado hasta el pr\u00f3ximo d\u00eda. Una vez que reciba el correo de confirmaci\u00f3n con su n\u00famero de gu\u00eda, es responsabilidad del consumidor realizar el rastreo del pedido, y [&hellip;]<\/p>\n","protected":false},"author":1,"featured_media":0,"parent":0,"menu_order":0,"comment_status":"closed","ping_status":"closed","template":"","meta":{"footnotes":""},"class_list":["post-1263","page","type-page","status-publish","hentry"],"_links":{"self":[{"href":"https:\/\/vitalimshop.com\/tienda\/wp-json\/wp\/v2\/pages\/1263","targetHints":{"allow":["GET"]}}],"collection":[{"href":"https:\/\/vitalimshop.com\/tienda\/wp-json\/wp\/v2\/pages"}],"about":[{"href":"https:\/\/vitalimshop.com\/tienda\/wp-json\/wp\/v2\/types\/page"}],"author":[{"embeddable":true,"href":"https:\/\/vitalimshop.com\/tienda\/wp-json\/wp\/v2\/users\/1"}],"replies":[{"embeddable":true,"href":"https:\/\/vitalimshop.com\/tienda\/wp-json\/wp\/v2\/comments?post=1263"}],"version-history":[{"count":13,"href":"https:\/\/vitalimshop.com\/tienda\/wp-json\/wp\/v2\/pages\/1263\/revisions"}],"predecessor-version":[{"id":2114,"href":"https:\/\/vitalimshop.com\/tienda\/wp-json\/wp\/v2\/pages\/1263\/revisions\/2114"}],"wp:attachment":[{"href":"https:\/\/vitalimshop.com\/tienda\/wp-json\/wp\/v2\/media?parent=1263"}],"curies":[{"name":"wp","href":"https:\/\/api.w.org\/{rel}","templated":true}]}}