{"id":14,"date":"2021-12-30T12:04:24","date_gmt":"2021-12-30T04:04:24","guid":{"rendered":"https:\/\/vitalimshop.com\/tienda\/mi-cuenta\/"},"modified":"2022-04-26T09:06:14","modified_gmt":"2022-04-26T01:06:14","slug":"mi-cuenta","status":"publish","type":"page","link":"https:\/\/vitalimshop.com\/tienda\/mi-cuenta\/","title":{"rendered":"Mi cuenta"},"content":{"rendered":"\t\t<div data-elementor-type=\"wp-page\" data-elementor-id=\"14\" class=\"elementor elementor-14\" data-elementor-post-type=\"page\">\n\t\t\t\t\t\t<section class=\"elementor-section elementor-top-section elementor-element elementor-element-34e5fbbe elementor-section-boxed elementor-section-height-default elementor-section-height-default\" data-id=\"34e5fbbe\" data-element_type=\"section\" data-settings=\"{&quot;background_background&quot;:&quot;classic&quot;}\">\n\t\t\t\t\t\t<div class=\"elementor-container elementor-column-gap-default\">\n\t\t\t\t\t<div class=\"elementor-column elementor-col-100 elementor-top-column elementor-element elementor-element-4879e204\" data-id=\"4879e204\" data-element_type=\"column\">\n\t\t\t<div class=\"elementor-widget-wrap elementor-element-populated\">\n\t\t\t\t\t\t<div class=\"elementor-element elementor-element-d6f6aab e-my-account-tabs-vertical elementor-widget elementor-widget-woocommerce-my-account\" data-id=\"d6f6aab\" data-element_type=\"widget\" data-widget_type=\"woocommerce-my-account.default\">\n\t\t\t\t<div class=\"elementor-widget-container\">\n\t\t\t\t\t<div class=\"e-my-account-tab e-my-account-tab__ \">\t\t\t<div class=\"woocommerce\"><\/div>\t\t<\/div>\n\t\t\t\t\t\t<\/div>\n\t\t\t\t<\/div>\n\t\t\t\t\t<\/div>\n\t\t<\/div>\n\t\t\t\t\t<\/div>\n\t\t<\/section>\n\t\t\t\t<\/div>\n\t\t","protected":false},"excerpt":{"rendered":"<p>Dashboard Orders Downloads Addresses Account Details Logout Hola jetro (\u00bfno eres jetro? Cerrar sesi\u00f3n) Desde el panel de control de tu cuenta puedes ver tus pedidos recientes, gestionar tus direcciones de env\u00edo y facturaci\u00f3n y editar tu contrase\u00f1a y los detalles de tu cuenta.<\/p>\n","protected":false},"author":1,"featured_media":0,"parent":0,"menu_order":0,"comment_status":"closed","ping_status":"closed","template":"","meta":{"footnotes":""},"class_list":["post-14","page","type-page","status-publish","hentry"],"_links":{"self":[{"href":"https:\/\/vitalimshop.com\/tienda\/wp-json\/wp\/v2\/pages\/14","targetHints":{"allow":["GET"]}}],"collection":[{"href":"https:\/\/vitalimshop.com\/tienda\/wp-json\/wp\/v2\/pages"}],"about":[{"href":"https:\/\/vitalimshop.com\/tienda\/wp-json\/wp\/v2\/types\/page"}],"author":[{"embeddable":true,"href":"https:\/\/vitalimshop.com\/tienda\/wp-json\/wp\/v2\/users\/1"}],"replies":[{"embeddable":true,"href":"https:\/\/vitalimshop.com\/tienda\/wp-json\/wp\/v2\/comments?post=14"}],"version-history":[{"count":42,"href":"https:\/\/vitalimshop.com\/tienda\/wp-json\/wp\/v2\/pages\/14\/revisions"}],"predecessor-version":[{"id":1528,"href":"https:\/\/vitalimshop.com\/tienda\/wp-json\/wp\/v2\/pages\/14\/revisions\/1528"}],"wp:attachment":[{"href":"https:\/\/vitalimshop.com\/tienda\/wp-json\/wp\/v2\/media?parent=14"}],"curies":[{"name":"wp","href":"https:\/\/api.w.org\/{rel}","templated":true}]}}