{"id":1350,"date":"2022-04-22T16:15:14","date_gmt":"2022-04-22T08:15:14","guid":{"rendered":"https:\/\/vitalimshop.com\/tienda\/?post_type=product&#038;p=1350"},"modified":"2022-11-28T00:56:06","modified_gmt":"2022-11-28T08:56:06","slug":"colageno-hidrolizado","status":"publish","type":"product","link":"https:\/\/vitalimshop.com\/tienda\/producto\/colageno-hidrolizado\/","title":{"rendered":"Col\u00e1geno Hidrolizado"},"content":{"rendered":"<p>400 GR POLVO<\/p>\n<p>Col\u00e1geno Hidrolizado, di\u00f3xido de silicio.<\/p>\n<p>Dosis Recomendada: 2 cucharadas por d\u00eda (10 gr)<\/p>\n<p><strong>Beneficios:<\/strong><\/p>\n<ul>\n<li>Alto nivel de absorci\u00f3n.<\/li>\n<li>Estimula la producci\u00f3n de col\u00e1geno por las propias c\u00e9lulas de la piel.<\/li>\n<li>Les proporciona fuerza y firmeza a los tejidos.<\/li>\n<li>Ayuda a mantener saludables las articulaciones y huesos.<\/li>\n<li>Mantiene hidratada la piel.<\/li>\n<li>Mejora el funcionamiento del sistema linf\u00e1tico, lo cual favorece la eliminaci\u00f3n de toxinas.<\/li>\n<li>Proporciona un efecto saciante, lo cual ayuda a bajar de peso.<\/li>\n<li>Mejora el sistema inmunol\u00f3gico.<\/li>\n<li>Incrementa la energ\u00eda y la resistencia f\u00edsica.<\/li>\n<li>Potente regenerador de la piel.<\/li>\n<li>Fortalece el cabello y u\u00f1as, potente revitalizador.<\/li>\n<li>Act\u00faa contra la grasa y sequedad cut\u00e1nea.<\/li>\n<\/ul>\n<p>&nbsp;<\/p>\n<p><strong>LEYENDAS PRECAUTORIAS<\/strong><\/p>\n<p>HIPERSENSIBILIDAD A LOS COMPONENTES DE LA F\u00d3RMULA.<\/p>\n<p><strong>ESTE PRODUCTO NO ES UN MEDICAMENTO.<\/strong><\/p>\n<p><strong>EL CONSUMO DE ESTE PRODUCTO ES RESPONSABILIDAD DE QUIEN LO RECOMIENDA\u00a0\u00a0\u00a0\u00a0\u00a0\u00a0\u00a0\u00a0\u00a0\u00a0\u00a0\u00a0\u00a0 <\/strong><\/p>\n<p><strong>Y DE QUIEN LO USA.\u00a0\u00a0\u00a0\u00a0 <\/strong><\/p>\n<p><strong>ATENCI\u00d3N:<\/strong> NO CONSUMIRSE DURANTE EL EMBARAZO O LACTANCIA.<\/p>\n<p>NO CONSUMIR POR PERSONAS MENORES DE 18 A\u00d1OS.<\/p>\n<p>NO SE DEJE AL ALCANCE DE LOS NI\u00d1OS.<\/p>\n<p>CONS\u00c9RVESE EN UN LUGAR FRESCO Y SECO.<\/p>\n","protected":false},"excerpt":{"rendered":"<p>Ayuda al cuidado de la piel.<\/p>\n","protected":false},"featured_media":1351,"comment_status":"open","ping_status":"closed","template":"","meta":[],"product_brand":[],"product_cat":[40,25],"product_tag":[],"class_list":{"0":"post-1350","1":"product","2":"type-product","3":"status-publish","4":"has-post-thumbnail","6":"product_cat-not-sale","7":"product_cat-suplementos","9":"first","10":"instock","11":"taxable","12":"shipping-taxable","13":"product-type-simple"},"_links":{"self":[{"href":"https:\/\/vitalimshop.com\/tienda\/wp-json\/wp\/v2\/product\/1350","targetHints":{"allow":["GET"]}}],"collection":[{"href":"https:\/\/vitalimshop.com\/tienda\/wp-json\/wp\/v2\/product"}],"about":[{"href":"https:\/\/vitalimshop.com\/tienda\/wp-json\/wp\/v2\/types\/product"}],"replies":[{"embeddable":true,"href":"https:\/\/vitalimshop.com\/tienda\/wp-json\/wp\/v2\/comments?post=1350"}],"version-history":[{"count":2,"href":"https:\/\/vitalimshop.com\/tienda\/wp-json\/wp\/v2\/product\/1350\/revisions"}],"predecessor-version":[{"id":1880,"href":"https:\/\/vitalimshop.com\/tienda\/wp-json\/wp\/v2\/product\/1350\/revisions\/1880"}],"wp:featuredmedia":[{"embeddable":true,"href":"https:\/\/vitalimshop.com\/tienda\/wp-json\/wp\/v2\/media\/1351"}],"wp:attachment":[{"href":"https:\/\/vitalimshop.com\/tienda\/wp-json\/wp\/v2\/media?parent=1350"}],"wp:term":[{"taxonomy":"product_brand","embeddable":true,"href":"https:\/\/vitalimshop.com\/tienda\/wp-json\/wp\/v2\/product_brand?post=1350"},{"taxonomy":"product_cat","embeddable":true,"href":"https:\/\/vitalimshop.com\/tienda\/wp-json\/wp\/v2\/product_cat?post=1350"},{"taxonomy":"product_tag","embeddable":true,"href":"https:\/\/vitalimshop.com\/tienda\/wp-json\/wp\/v2\/product_tag?post=1350"}],"curies":[{"name":"wp","href":"https:\/\/api.w.org\/{rel}","templated":true}]}}